{"id":9,"date":"2012-05-25T07:04:50","date_gmt":"2012-05-25T11:04:50","guid":{"rendered":"http:\/\/www.eastafricarestaurant.com\/fr\/?page_id=9"},"modified":"2023-09-03T19:51:35","modified_gmt":"2023-09-03T23:51:35","slug":"menu","status":"publish","type":"page","link":"https:\/\/www.eastafricarestaurant.com\/fr\/menu\/","title":{"rendered":"Le Menu \u00c9thiopien"},"content":{"rendered":"<div id=\"food\">\n<h2>Plats Principale Viandes<\/h2>\n<p><strong>1. Ye Doro Kye Wott<\/strong> &#8211; $20.99<br \/>\nPoulet d&#8217;epargni de sa peau, pr\u00e9par\u00e9 avec oignons, ail, cumin, gingembre et BERB\u00c9RE, servi avec oeuf<\/p>\n<p><strong>2. Ye Doro Alicha<\/strong> &#8211; $18.99<br \/>\nPlat doux de poulet d\u00e9garni de sa peau, pr\u00e9par\u00e9 avec oignons, ail, tumeric et autres \u00e9pices<\/p>\n<p><strong>3. Ye Doro Fitfit<\/strong> &#8211; $17.49<br \/>\nYe doro alicha m\u00e9lang\u00e9 \u00e0 des morceaux d&#8217;injera<\/p>\n<p><strong>4. Ye Begg Kye Wott<\/strong> &#8211; $26.99<br \/>\nViande maigre d&#8217;agneau pr\u00e9par\u00e9e avec oignons, ail, cumin, gingembre, BERB\u00c9RE et autres \u00e9pices<\/p>\n<p><strong>5. Ye Begg Alicha<\/strong> &#8211; $25.99<br \/>\nPlat doux de viande maigre d&#8217;agneau pr\u00e9par\u00e9e avec oignons, ail, tumeric et autres spices<\/p>\n<p><strong>6. Ye Begg Fitift<\/strong> &#8211; $24.99<br \/>\nYe begg alicha m\u00e9lang\u00e9 \u00e0 des morceaux d&#8217;injera<\/p>\n<p><strong>7. Kye Ye Siga Wott<\/strong> &#8211; $26.99<br \/>\nCubes de viande maigre de b\u0153uf pr\u00e9par\u00e9e avec oignons, ail, cumin, gingembre et BERB\u00c9RE<\/p>\n<p><strong>8. Ye Sigga Alicha<\/strong> &#8211; $25.99<br \/>\nPlat doux de viande tendre et maigre de b\u0153uf, piments verts, pommes de terre, carottes, oignons, ail, tumeric et autres \u00e9pices<\/p>\n<p><strong>9. Ye Tibbs Wott<\/strong> &#8211; $25.99<br \/>\nFlets de viande maigre et tendre de b\u0153uuf pr\u00e9par\u00e9s avec oignons, ail, cumin, gingembre et BERB\u00c9RE<\/p>\n<p><strong>10. Kye Minchet Abish<\/strong> &#8211; $23.99<br \/>\nViande maigre hachee de b\u0153uf pr\u00e9par\u00e9s avec oignons, ail, cumin, gingembre et BERB\u00c9RE<\/p>\n<p><strong>11. Alicha Minchet Abish<\/strong> &#8211; $22.99<br \/>\nViande maigre hachee de b\u0153uf pr\u00e9par\u00e9s avec oignons, ail, tumeric et autres \u00e9pices<\/p>\n<p><strong>12. Kay Ye Siga Wott<\/strong> &#8211; $26.99<br \/>\nKye Ye Siga Wott avec pommes de terre<\/p>\n<p><strong>13. Ye Assa Wott<\/strong> &#8211; $26.99<br \/>\nPoisson sans ar\u00eates, pr\u00e9pr\u00e9 avec oignons, ail, gingembre et BERB\u00c9RE<\/p>\n<p><strong>14. Ye Begg Tibbs<\/strong> &#8211; $26.99<br \/>\nCubes de viande maigre d&#8217;agneau, frits avec oignons, piments, tomates et autres \u00e9pices<\/p>\n<p><strong>15. Zilzil Tibbs<\/strong> &#8211; $25.99<br \/>\nFilets de viande maigre de b\u0153uf, frits avec oignons, piments verts, tomates et autres \u00e9pices<\/p>\n<h2>Plats Principale V\u00e9g\u00e9tariens<\/h2>\n<p><strong>16. Ye Atiklit Wott<\/strong> &#8211; $17.99<br \/>\nPlat doux pr\u00e9par\u00e9 avec \u00e9pices, pommes de terre, carottes et choux<\/p>\n<p><strong>17. Ye Kik Wott<\/strong> &#8211; $17.99<br \/>\nPois cass\u00e9s jaunes, pr\u00e9par\u00e9s avec oignons, ail, cumin, gingembre et BERB\u00c9RE<\/p>\n<p><strong>18 .Ye Kik Alicha<\/strong> &#8211; $16.99<br \/>\nPlat doux de pois cass\u00e9s jaunes, pr\u00e9par\u00e9s avec oignons, ail, tumeric et autres \u00e9pices<\/p>\n<p><strong>19. Ye Missir Kye Wott<\/strong> &#8211; $17.99<br \/>\nLentilles pr\u00e9par\u00e9es avec oignons, cumin, gingembre et BERB\u00c9RE<\/p>\n<p><strong>20. Ye Missir Alicha<\/strong> &#8211; $16.99<br \/>\nPlat doux de lentilles pr\u00e9par\u00e9 avec oignons, ail, tumeric et autres \u00e9pices<\/p>\n<p><strong>21. Ye Gommen Wott<\/strong> &#8211; $16.99<br \/>\n\u00c9pinards saut\u00e9s avec oignons, gingembre et piments verts<\/p>\n<p><strong>22. Ye Shiro Wott<\/strong> &#8211; $18.99<br \/>\nPlat de pois cass\u00e9s, moules pr\u00e9par\u00e9 avec oignons, ail, tumeric et autres \u00e9pices<\/p>\n<p><strong>23. Plat Combin\u00e9 V\u00e9g\u00e9tarien<\/strong>&#8211; $24.99<\/p>\n<h2>Salades<\/h2>\n<p><strong>24. Ye Missir Azefa<\/strong> &#8211; $14.99<br \/>\nSalade de lentilles pr\u00e9par\u00e9e avec piments verts assaisonn\u00e9e avec citron et huile d&#8217;olive<\/p>\n<p><strong>25. Bouticha<\/strong> &#8211; $14.99<br \/>\nPlat de farine de pois-chiches, pr\u00e9par\u00e9 avec piments verts, autres \u00e9pices et huile d&#8217;olive<\/p>\n<p><strong>26. Yetimatim Salada<\/strong> &#8211; $14.99<br \/>\nTomates coup\u00e9es en d\u00e9s pr\u00e9par\u00e9es avec piments verts et oignons, servies avec vinaigrette-maison<\/p>\n<p><strong>27. Salade Betrab<\/strong> &#8211; $13.99<br \/>\nMelange de betteraves, carottes, pommes de terre, pr\u00e9par\u00e9 avec ogions frits. Servi froid avec vinigrette-maison<\/p>\n<h2>Desserts<\/h2>\n<p><strong>Salade de Fruits<\/strong> &#8211; $12.99<\/p>\n<\/div>\n","protected":false},"excerpt":{"rendered":"<p>Plats Principale Viandes 1. Ye Doro Kye Wott &#8211; $20.99 Poulet d&#8217;epargni de sa peau, pr\u00e9par\u00e9 avec oignons, ail, cumin, gingembre et BERB\u00c9RE, servi avec oeuf 2. Ye Doro Alicha &#8211; $18.99 Plat doux de poulet d\u00e9garni de sa peau, pr\u00e9par\u00e9 avec oignons, ail, tumeric et autres \u00e9pices 3. Ye Doro Fitfit &#8211; $17.49 Ye &hellip; <\/p>\n<p class=\"link-more\"><a href=\"https:\/\/www.eastafricarestaurant.com\/fr\/menu\/\" class=\"more-link\">Continue reading<span class=\"screen-reader-text\"> &#8220;Le Menu \u00c9thiopien&#8221;<\/span><\/a><\/p>\n","protected":false},"author":1,"featured_media":0,"parent":0,"menu_order":0,"comment_status":"closed","ping_status":"closed","template":"","meta":{"footnotes":""},"class_list":["post-9","page","type-page","status-publish","hentry"],"yoast_head":"<!-- This site is optimized with the Yoast SEO plugin v27.3 - https:\/\/yoast.com\/product\/yoast-seo-wordpress\/ -->\n<title>Le Menu \u00c9thiopien - Restaurant East Africa<\/title>\n<meta name=\"robots\" content=\"index, follow, max-snippet:-1, max-image-preview:large, max-video-preview:-1\" \/>\n<link rel=\"canonical\" href=\"https:\/\/www.eastafricarestaurant.com\/fr\/menu\/\" \/>\n<meta property=\"og:locale\" content=\"en_US\" \/>\n<meta property=\"og:type\" content=\"article\" \/>\n<meta property=\"og:title\" content=\"Le Menu \u00c9thiopien - Restaurant East Africa\" \/>\n<meta property=\"og:description\" content=\"Plats Principale Viandes 1. Ye Doro Kye Wott &#8211; $20.99 Poulet d&#8217;epargni de sa peau, pr\u00e9par\u00e9 avec oignons, ail, cumin, gingembre et BERB\u00c9RE, servi avec oeuf 2. Ye Doro Alicha &#8211; $18.99 Plat doux de poulet d\u00e9garni de sa peau, pr\u00e9par\u00e9 avec oignons, ail, tumeric et autres \u00e9pices 3. Ye Doro Fitfit &#8211; $17.49 Ye &hellip; Continue reading &quot;Le Menu \u00c9thiopien&quot;\" \/>\n<meta property=\"og:url\" content=\"https:\/\/www.eastafricarestaurant.com\/fr\/menu\/\" \/>\n<meta property=\"og:site_name\" content=\"Restaurant East Africa\" \/>\n<meta property=\"article:modified_time\" content=\"2023-09-03T23:51:35+00:00\" \/>\n<meta name=\"twitter:card\" content=\"summary_large_image\" \/>\n<meta name=\"twitter:label1\" content=\"Est. reading time\" \/>\n\t<meta name=\"twitter:data1\" content=\"3 minutes\" \/>\n<script type=\"application\/ld+json\" class=\"yoast-schema-graph\">{\"@context\":\"https:\\\/\\\/schema.org\",\"@graph\":[{\"@type\":\"WebPage\",\"@id\":\"https:\\\/\\\/www.eastafricarestaurant.com\\\/fr\\\/menu\\\/\",\"url\":\"https:\\\/\\\/www.eastafricarestaurant.com\\\/fr\\\/menu\\\/\",\"name\":\"Le Menu \u00c9thiopien - Restaurant East Africa\",\"isPartOf\":{\"@id\":\"https:\\\/\\\/www.eastafricarestaurant.com\\\/fr\\\/#website\"},\"datePublished\":\"2012-05-25T11:04:50+00:00\",\"dateModified\":\"2023-09-03T23:51:35+00:00\",\"breadcrumb\":{\"@id\":\"https:\\\/\\\/www.eastafricarestaurant.com\\\/fr\\\/menu\\\/#breadcrumb\"},\"inLanguage\":\"en-US\",\"potentialAction\":[{\"@type\":\"ReadAction\",\"target\":[\"https:\\\/\\\/www.eastafricarestaurant.com\\\/fr\\\/menu\\\/\"]}]},{\"@type\":\"BreadcrumbList\",\"@id\":\"https:\\\/\\\/www.eastafricarestaurant.com\\\/fr\\\/menu\\\/#breadcrumb\",\"itemListElement\":[{\"@type\":\"ListItem\",\"position\":1,\"name\":\"Home\",\"item\":\"https:\\\/\\\/www.eastafricarestaurant.com\\\/fr\\\/\"},{\"@type\":\"ListItem\",\"position\":2,\"name\":\"Le Menu \u00c9thiopien\"}]},{\"@type\":\"WebSite\",\"@id\":\"https:\\\/\\\/www.eastafricarestaurant.com\\\/fr\\\/#website\",\"url\":\"https:\\\/\\\/www.eastafricarestaurant.com\\\/fr\\\/\",\"name\":\"Restaurant East Africa\",\"description\":\"\",\"potentialAction\":[{\"@type\":\"SearchAction\",\"target\":{\"@type\":\"EntryPoint\",\"urlTemplate\":\"https:\\\/\\\/www.eastafricarestaurant.com\\\/fr\\\/?s={search_term_string}\"},\"query-input\":{\"@type\":\"PropertyValueSpecification\",\"valueRequired\":true,\"valueName\":\"search_term_string\"}}],\"inLanguage\":\"en-US\"}]}<\/script>\n<!-- \/ Yoast SEO plugin. -->","yoast_head_json":{"title":"Le Menu \u00c9thiopien - Restaurant East Africa","robots":{"index":"index","follow":"follow","max-snippet":"max-snippet:-1","max-image-preview":"max-image-preview:large","max-video-preview":"max-video-preview:-1"},"canonical":"https:\/\/www.eastafricarestaurant.com\/fr\/menu\/","og_locale":"en_US","og_type":"article","og_title":"Le Menu \u00c9thiopien - Restaurant East Africa","og_description":"Plats Principale Viandes 1. Ye Doro Kye Wott &#8211; $20.99 Poulet d&#8217;epargni de sa peau, pr\u00e9par\u00e9 avec oignons, ail, cumin, gingembre et BERB\u00c9RE, servi avec oeuf 2. Ye Doro Alicha &#8211; $18.99 Plat doux de poulet d\u00e9garni de sa peau, pr\u00e9par\u00e9 avec oignons, ail, tumeric et autres \u00e9pices 3. Ye Doro Fitfit &#8211; $17.49 Ye &hellip; Continue reading \"Le Menu \u00c9thiopien\"","og_url":"https:\/\/www.eastafricarestaurant.com\/fr\/menu\/","og_site_name":"Restaurant East Africa","article_modified_time":"2023-09-03T23:51:35+00:00","twitter_card":"summary_large_image","twitter_misc":{"Est. reading time":"3 minutes"},"schema":{"@context":"https:\/\/schema.org","@graph":[{"@type":"WebPage","@id":"https:\/\/www.eastafricarestaurant.com\/fr\/menu\/","url":"https:\/\/www.eastafricarestaurant.com\/fr\/menu\/","name":"Le Menu \u00c9thiopien - Restaurant East Africa","isPartOf":{"@id":"https:\/\/www.eastafricarestaurant.com\/fr\/#website"},"datePublished":"2012-05-25T11:04:50+00:00","dateModified":"2023-09-03T23:51:35+00:00","breadcrumb":{"@id":"https:\/\/www.eastafricarestaurant.com\/fr\/menu\/#breadcrumb"},"inLanguage":"en-US","potentialAction":[{"@type":"ReadAction","target":["https:\/\/www.eastafricarestaurant.com\/fr\/menu\/"]}]},{"@type":"BreadcrumbList","@id":"https:\/\/www.eastafricarestaurant.com\/fr\/menu\/#breadcrumb","itemListElement":[{"@type":"ListItem","position":1,"name":"Home","item":"https:\/\/www.eastafricarestaurant.com\/fr\/"},{"@type":"ListItem","position":2,"name":"Le Menu \u00c9thiopien"}]},{"@type":"WebSite","@id":"https:\/\/www.eastafricarestaurant.com\/fr\/#website","url":"https:\/\/www.eastafricarestaurant.com\/fr\/","name":"Restaurant East Africa","description":"","potentialAction":[{"@type":"SearchAction","target":{"@type":"EntryPoint","urlTemplate":"https:\/\/www.eastafricarestaurant.com\/fr\/?s={search_term_string}"},"query-input":{"@type":"PropertyValueSpecification","valueRequired":true,"valueName":"search_term_string"}}],"inLanguage":"en-US"}]}},"_links":{"self":[{"href":"https:\/\/www.eastafricarestaurant.com\/fr\/wp-json\/wp\/v2\/pages\/9","targetHints":{"allow":["GET"]}}],"collection":[{"href":"https:\/\/www.eastafricarestaurant.com\/fr\/wp-json\/wp\/v2\/pages"}],"about":[{"href":"https:\/\/www.eastafricarestaurant.com\/fr\/wp-json\/wp\/v2\/types\/page"}],"author":[{"embeddable":true,"href":"https:\/\/www.eastafricarestaurant.com\/fr\/wp-json\/wp\/v2\/users\/1"}],"replies":[{"embeddable":true,"href":"https:\/\/www.eastafricarestaurant.com\/fr\/wp-json\/wp\/v2\/comments?post=9"}],"version-history":[{"count":25,"href":"https:\/\/www.eastafricarestaurant.com\/fr\/wp-json\/wp\/v2\/pages\/9\/revisions"}],"predecessor-version":[{"id":122,"href":"https:\/\/www.eastafricarestaurant.com\/fr\/wp-json\/wp\/v2\/pages\/9\/revisions\/122"}],"wp:attachment":[{"href":"https:\/\/www.eastafricarestaurant.com\/fr\/wp-json\/wp\/v2\/media?parent=9"}],"curies":[{"name":"wp","href":"https:\/\/api.w.org\/{rel}","templated":true}]}}